{"id":8320,"date":"2023-06-01T08:53:54","date_gmt":"2023-06-01T08:53:54","guid":{"rendered":"https:\/\/anossahistoria.vistaalegre.com\/exposicion-digital\/"},"modified":"2024-12-16T12:34:04","modified_gmt":"2024-12-16T12:34:04","slug":"exposicion-digital","status":"publish","type":"page","link":"https:\/\/anossahistoria.vistaalegre.com\/es\/exposicion-digital\/","title":{"rendered":"Exposici\u00f3n Digital"},"content":{"rendered":"\t\t<div data-elementor-type=\"wp-page\" data-elementor-id=\"8320\" class=\"elementor elementor-8320 elementor-6812\">\n\t\t\t\t\t\t\t\t\t<section class=\"elementor-section elementor-top-section elementor-element elementor-element-58272b12 elementor-section-stretched elementor-section-boxed elementor-section-height-default elementor-section-height-default\" data-id=\"58272b12\" data-element_type=\"section\" data-settings=\"{&quot;stretch_section&quot;:&quot;section-stretched&quot;,&quot;background_background&quot;:&quot;classic&quot;}\">\n\t\t\t\t\t\t<div class=\"elementor-container elementor-column-gap-no\">\n\t\t\t\t\t<div class=\"elementor-column elementor-col-100 elementor-top-column elementor-element elementor-element-44545ea2\" data-id=\"44545ea2\" data-element_type=\"column\">\n\t\t\t<div class=\"elementor-widget-wrap elementor-element-populated\">\n\t\t\t\t\t\t\t\t<section class=\"elementor-section elementor-inner-section elementor-element elementor-element-19dd017c elementor-section-content-middle elementor-section-full_width elementor-hidden-desktop elementor-hidden-tablet elementor-hidden-mobile elementor-section-height-default elementor-section-height-default\" data-id=\"19dd017c\" data-element_type=\"section\">\n\t\t\t\t\t\t<div class=\"elementor-container elementor-column-gap-no\">\n\t\t\t\t\t<div class=\"elementor-column elementor-col-50 elementor-inner-column elementor-element elementor-element-4625ea95\" data-id=\"4625ea95\" data-element_type=\"column\">\n\t\t\t<div class=\"elementor-widget-wrap elementor-element-populated\">\n\t\t\t\t\t\t\t\t<div class=\"elementor-element elementor-element-6abd12e9 elementor-widget elementor-widget-loquet-heading-widget\" data-id=\"6abd12e9\" data-element_type=\"widget\" data-widget_type=\"loquet-heading-widget.default\">\n\t\t\t\t<div class=\"elementor-widget-container\">\n\t\t\t<div class=\"gt-module-title gt-style-1 gt-align-left gt-light\"><div class=\"gt-sub-title\"><span>Vista Alegre<\/span><\/div><div class=\"gt-title\">Exposi\u00e7\u00e3o Digital<\/div><\/div>\t\t<\/div>\n\t\t\t\t<\/div>\n\t\t\t\t\t<\/div>\n\t\t<\/div>\n\t\t\t\t<div class=\"elementor-column elementor-col-50 elementor-inner-column elementor-element elementor-element-fc9953f\" data-id=\"fc9953f\" data-element_type=\"column\">\n\t\t\t<div class=\"elementor-widget-wrap elementor-element-populated\">\n\t\t\t\t\t\t\t\t<div class=\"elementor-element elementor-element-416a4961 elementor-widget elementor-widget-loquet-button-widget\" data-id=\"416a4961\" data-element_type=\"widget\" data-widget_type=\"loquet-button-widget.default\">\n\t\t\t\t<div class=\"elementor-widget-container\">\n\t\t\t<div class=\"gt-button gt-style-5 gt-light gt-align-right gt-flex\"><a href=\"\/exposicao-digital\/\"><span>Ver Tudo<\/span><span class=\"gt-icon\"><\/span><\/a><\/div>\t\t<\/div>\n\t\t\t\t<\/div>\n\t\t\t\t\t<\/div>\n\t\t<\/div>\n\t\t\t\t\t\t\t<\/div>\n\t\t<\/section>\n\t\t\t\t<div class=\"elementor-element elementor-element-7e4e1390 elementor-widget elementor-widget-loquet-exhibitions-widget\" data-id=\"7e4e1390\" data-element_type=\"widget\" data-widget_type=\"loquet-exhibitions-widget.default\">\n\t\t\t\t<div class=\"elementor-widget-container\">\n\t\t\t<div class=\"gt-exhibitions-listing gt-style-6 gt-light gt-align-left\"><div class=\"gt-grid gt-grid-3 gt-spacing-0\"><div class=\"gt-grid-col\"><div class=\"gt-item\"><div class=\"gt-image\"><a href=\"https:\/\/anossahistoria.vistaalegre.com\/es\/exposicion\/una-pasion-por-piezas-y-elementos-antiguos-que-surgio-a-partir-del-intercambio-de-historias\/\"><img fetchpriority=\"high\" decoding=\"async\" width=\"350\" height=\"350\" src=\"https:\/\/anossahistoria.vistaalegre.com\/wp-content\/uploads\/2023\/10\/lina-ramos-10-350x350.webp\" class=\"attachment-loquet-thumbnail-2 size-loquet-thumbnail-2 wp-post-image\" alt=\"Lina Ramos - Colector Vista Alegre\" srcset=\"https:\/\/anossahistoria.vistaalegre.com\/wp-content\/uploads\/2023\/10\/lina-ramos-10-350x350.webp 350w, https:\/\/anossahistoria.vistaalegre.com\/wp-content\/uploads\/2023\/10\/lina-ramos-10-300x300.webp 300w, https:\/\/anossahistoria.vistaalegre.com\/wp-content\/uploads\/2023\/10\/lina-ramos-10-1024x1024.webp 1024w, https:\/\/anossahistoria.vistaalegre.com\/wp-content\/uploads\/2023\/10\/lina-ramos-10-150x150.webp 150w, https:\/\/anossahistoria.vistaalegre.com\/wp-content\/uploads\/2023\/10\/lina-ramos-10-768x768.webp 768w, https:\/\/anossahistoria.vistaalegre.com\/wp-content\/uploads\/2023\/10\/lina-ramos-10-1536x1536.webp 1536w, https:\/\/anossahistoria.vistaalegre.com\/wp-content\/uploads\/2023\/10\/lina-ramos-10-100x100.webp 100w, https:\/\/anossahistoria.vistaalegre.com\/wp-content\/uploads\/2023\/10\/lina-ramos-10-650x650.webp 650w, https:\/\/anossahistoria.vistaalegre.com\/wp-content\/uploads\/2023\/10\/lina-ramos-10-500x500.webp 500w, https:\/\/anossahistoria.vistaalegre.com\/wp-content\/uploads\/2023\/10\/lina-ramos-10-415x415.webp 415w, https:\/\/anossahistoria.vistaalegre.com\/wp-content\/uploads\/2023\/10\/lina-ramos-10-250x250.webp 250w, https:\/\/anossahistoria.vistaalegre.com\/wp-content\/uploads\/2023\/10\/lina-ramos-10.webp 1920w\" sizes=\"(max-width: 350px) 100vw, 350px\" \/><\/a><\/div><div class=\"gt-content\"><div class=\"gt-category\"><ul><li><a href=\"https:\/\/anossahistoria.vistaalegre.com\/es\/exposicion-categoria\/coleccionista\/?post_type=exhibition\">Coleccionista<\/a><\/li><li><a href=\"https:\/\/anossahistoria.vistaalegre.com\/es\/exposicion-categoria\/memorias-personales\/?post_type=exhibition\">Memorias Personales<\/a><\/li><\/ul><\/div><div class=\"gt-title\"><a href=\"https:\/\/anossahistoria.vistaalegre.com\/es\/exposicion\/una-pasion-por-piezas-y-elementos-antiguos-que-surgio-a-partir-del-intercambio-de-historias\/\">Una pasi\u00f3n por piezas y elementos antiguos que surgi\u00f3 a partir del intercambio de historias<\/a><\/div><\/div><\/div><\/div><div class=\"gt-grid-col\"><div class=\"gt-item\"><div class=\"gt-image\"><a href=\"https:\/\/anossahistoria.vistaalegre.com\/es\/exposicion\/las-madres-siempre-saben-de-recuerdos-antiguos-a-tesoros-actuales\/\"><img decoding=\"async\" width=\"350\" height=\"350\" src=\"https:\/\/anossahistoria.vistaalegre.com\/wp-content\/uploads\/2023\/10\/rute-cruz-1-350x350.webp\" class=\"attachment-loquet-thumbnail-2 size-loquet-thumbnail-2 wp-post-image\" alt=\"Rute Cruz - Colector Vista Alegre\" srcset=\"https:\/\/anossahistoria.vistaalegre.com\/wp-content\/uploads\/2023\/10\/rute-cruz-1-350x350.webp 350w, https:\/\/anossahistoria.vistaalegre.com\/wp-content\/uploads\/2023\/10\/rute-cruz-1-300x300.webp 300w, https:\/\/anossahistoria.vistaalegre.com\/wp-content\/uploads\/2023\/10\/rute-cruz-1-1024x1024.webp 1024w, https:\/\/anossahistoria.vistaalegre.com\/wp-content\/uploads\/2023\/10\/rute-cruz-1-150x150.webp 150w, https:\/\/anossahistoria.vistaalegre.com\/wp-content\/uploads\/2023\/10\/rute-cruz-1-768x768.webp 768w, https:\/\/anossahistoria.vistaalegre.com\/wp-content\/uploads\/2023\/10\/rute-cruz-1-1536x1536.webp 1536w, https:\/\/anossahistoria.vistaalegre.com\/wp-content\/uploads\/2023\/10\/rute-cruz-1-100x100.webp 100w, https:\/\/anossahistoria.vistaalegre.com\/wp-content\/uploads\/2023\/10\/rute-cruz-1-650x650.webp 650w, https:\/\/anossahistoria.vistaalegre.com\/wp-content\/uploads\/2023\/10\/rute-cruz-1-500x500.webp 500w, https:\/\/anossahistoria.vistaalegre.com\/wp-content\/uploads\/2023\/10\/rute-cruz-1-415x415.webp 415w, https:\/\/anossahistoria.vistaalegre.com\/wp-content\/uploads\/2023\/10\/rute-cruz-1-250x250.webp 250w, https:\/\/anossahistoria.vistaalegre.com\/wp-content\/uploads\/2023\/10\/rute-cruz-1.webp 1920w\" sizes=\"(max-width: 350px) 100vw, 350px\" \/><\/a><\/div><div class=\"gt-content\"><div class=\"gt-category\"><ul><li><a href=\"https:\/\/anossahistoria.vistaalegre.com\/es\/exposicion-categoria\/memorias-personales\/?post_type=exhibition\">Memorias Personales<\/a><\/li><\/ul><\/div><div class=\"gt-title\"><a href=\"https:\/\/anossahistoria.vistaalegre.com\/es\/exposicion\/las-madres-siempre-saben-de-recuerdos-antiguos-a-tesoros-actuales\/\">Las madres siempre saben. <\/br>De recuerdos antiguos a tesoros actuales<\/a><\/div><\/div><\/div><\/div><div class=\"gt-grid-col\"><div class=\"gt-item\"><div class=\"gt-image\"><a href=\"https:\/\/anossahistoria.vistaalegre.com\/es\/exposicion\/el-mejor-regalo-de-cumpleanos-un-juego-de-mesa-vista-alegre-con-mis-ilustraciones-2\/\"><img decoding=\"async\" width=\"350\" height=\"350\" src=\"https:\/\/anossahistoria.vistaalegre.com\/wp-content\/uploads\/2023\/10\/luiza-correa-destaque-350x350.webp\" class=\"attachment-loquet-thumbnail-2 size-loquet-thumbnail-2 wp-post-image\" alt=\"Luiza Correa - Colector Vista Alegre\" srcset=\"https:\/\/anossahistoria.vistaalegre.com\/wp-content\/uploads\/2023\/10\/luiza-correa-destaque-350x350.webp 350w, https:\/\/anossahistoria.vistaalegre.com\/wp-content\/uploads\/2023\/10\/luiza-correa-destaque-300x300.webp 300w, https:\/\/anossahistoria.vistaalegre.com\/wp-content\/uploads\/2023\/10\/luiza-correa-destaque-1024x1024.webp 1024w, https:\/\/anossahistoria.vistaalegre.com\/wp-content\/uploads\/2023\/10\/luiza-correa-destaque-150x150.webp 150w, https:\/\/anossahistoria.vistaalegre.com\/wp-content\/uploads\/2023\/10\/luiza-correa-destaque-768x768.webp 768w, https:\/\/anossahistoria.vistaalegre.com\/wp-content\/uploads\/2023\/10\/luiza-correa-destaque-1536x1536.webp 1536w, https:\/\/anossahistoria.vistaalegre.com\/wp-content\/uploads\/2023\/10\/luiza-correa-destaque-100x100.webp 100w, https:\/\/anossahistoria.vistaalegre.com\/wp-content\/uploads\/2023\/10\/luiza-correa-destaque-650x650.webp 650w, https:\/\/anossahistoria.vistaalegre.com\/wp-content\/uploads\/2023\/10\/luiza-correa-destaque-500x500.webp 500w, https:\/\/anossahistoria.vistaalegre.com\/wp-content\/uploads\/2023\/10\/luiza-correa-destaque-415x415.webp 415w, https:\/\/anossahistoria.vistaalegre.com\/wp-content\/uploads\/2023\/10\/luiza-correa-destaque-250x250.webp 250w, https:\/\/anossahistoria.vistaalegre.com\/wp-content\/uploads\/2023\/10\/luiza-correa-destaque.webp 1920w\" sizes=\"(max-width: 350px) 100vw, 350px\" \/><\/a><\/div><div class=\"gt-content\"><div class=\"gt-category\"><ul><li><a href=\"https:\/\/anossahistoria.vistaalegre.com\/es\/exposicion-categoria\/memorias-personales\/?post_type=exhibition\">Memorias Personales<\/a><\/li><\/ul><\/div><div class=\"gt-title\"><a href=\"https:\/\/anossahistoria.vistaalegre.com\/es\/exposicion\/el-mejor-regalo-de-cumpleanos-un-juego-de-mesa-vista-alegre-con-mis-ilustraciones-2\/\">El mejor regalo de cumplea\u00f1os: un juego de mesa Vista Alegre con mis ilustraciones<\/a><\/div><\/div><\/div><\/div><div class=\"gt-grid-col\"><div class=\"gt-item\"><div class=\"gt-image\"><a href=\"https:\/\/anossahistoria.vistaalegre.com\/es\/exposicion\/una-memoria-intergeneracional-e-intercontinental\/\"><img loading=\"lazy\" decoding=\"async\" width=\"350\" height=\"350\" src=\"https:\/\/anossahistoria.vistaalegre.com\/wp-content\/uploads\/2024\/07\/2-1-350x350.jpg\" class=\"attachment-loquet-thumbnail-2 size-loquet-thumbnail-2 wp-post-image\" alt=\"\" srcset=\"https:\/\/anossahistoria.vistaalegre.com\/wp-content\/uploads\/2024\/07\/2-1-350x350.jpg 350w, https:\/\/anossahistoria.vistaalegre.com\/wp-content\/uploads\/2024\/07\/2-1-300x300.jpg 300w, https:\/\/anossahistoria.vistaalegre.com\/wp-content\/uploads\/2024\/07\/2-1-1024x1024.jpg 1024w, https:\/\/anossahistoria.vistaalegre.com\/wp-content\/uploads\/2024\/07\/2-1-150x150.jpg 150w, https:\/\/anossahistoria.vistaalegre.com\/wp-content\/uploads\/2024\/07\/2-1-768x768.jpg 768w, https:\/\/anossahistoria.vistaalegre.com\/wp-content\/uploads\/2024\/07\/2-1-1536x1536.jpg 1536w, https:\/\/anossahistoria.vistaalegre.com\/wp-content\/uploads\/2024\/07\/2-1-100x100.jpg 100w, https:\/\/anossahistoria.vistaalegre.com\/wp-content\/uploads\/2024\/07\/2-1-650x650.jpg 650w, https:\/\/anossahistoria.vistaalegre.com\/wp-content\/uploads\/2024\/07\/2-1-500x500.jpg 500w, https:\/\/anossahistoria.vistaalegre.com\/wp-content\/uploads\/2024\/07\/2-1-415x415.jpg 415w, https:\/\/anossahistoria.vistaalegre.com\/wp-content\/uploads\/2024\/07\/2-1-250x250.jpg 250w, https:\/\/anossahistoria.vistaalegre.com\/wp-content\/uploads\/2024\/07\/2-1.jpg 1920w\" sizes=\"(max-width: 350px) 100vw, 350px\" \/><\/a><\/div><div class=\"gt-content\"><div class=\"gt-category\"><ul><li><a href=\"https:\/\/anossahistoria.vistaalegre.com\/es\/exposicion-categoria\/memorias-personales\/?post_type=exhibition\">Memorias Personales<\/a><\/li><\/ul><\/div><div class=\"gt-title\"><a href=\"https:\/\/anossahistoria.vistaalegre.com\/es\/exposicion\/una-memoria-intergeneracional-e-intercontinental\/\">Una memoria intergeneracional e intercontinental.<\/a><\/div><\/div><\/div><\/div><div class=\"gt-grid-col\"><div class=\"gt-item\"><div class=\"gt-image\"><a href=\"https:\/\/anossahistoria.vistaalegre.com\/es\/exposicion\/una-coleccion-vista-alegre-que-llenan-la-casa-de-alegria-y-vida\/\"><img loading=\"lazy\" decoding=\"async\" width=\"350\" height=\"350\" src=\"https:\/\/anossahistoria.vistaalegre.com\/wp-content\/uploads\/2024\/07\/3-1-350x350.jpg\" class=\"attachment-loquet-thumbnail-2 size-loquet-thumbnail-2 wp-post-image\" alt=\"Miguel Levy - Colecionador Vista Alegre\" srcset=\"https:\/\/anossahistoria.vistaalegre.com\/wp-content\/uploads\/2024\/07\/3-1-350x350.jpg 350w, https:\/\/anossahistoria.vistaalegre.com\/wp-content\/uploads\/2024\/07\/3-1-300x300.jpg 300w, https:\/\/anossahistoria.vistaalegre.com\/wp-content\/uploads\/2024\/07\/3-1-1024x1024.jpg 1024w, https:\/\/anossahistoria.vistaalegre.com\/wp-content\/uploads\/2024\/07\/3-1-150x150.jpg 150w, https:\/\/anossahistoria.vistaalegre.com\/wp-content\/uploads\/2024\/07\/3-1-768x768.jpg 768w, https:\/\/anossahistoria.vistaalegre.com\/wp-content\/uploads\/2024\/07\/3-1-1536x1536.jpg 1536w, https:\/\/anossahistoria.vistaalegre.com\/wp-content\/uploads\/2024\/07\/3-1-100x100.jpg 100w, https:\/\/anossahistoria.vistaalegre.com\/wp-content\/uploads\/2024\/07\/3-1-650x650.jpg 650w, https:\/\/anossahistoria.vistaalegre.com\/wp-content\/uploads\/2024\/07\/3-1-500x500.jpg 500w, https:\/\/anossahistoria.vistaalegre.com\/wp-content\/uploads\/2024\/07\/3-1-415x415.jpg 415w, https:\/\/anossahistoria.vistaalegre.com\/wp-content\/uploads\/2024\/07\/3-1-250x250.jpg 250w, https:\/\/anossahistoria.vistaalegre.com\/wp-content\/uploads\/2024\/07\/3-1.jpg 1920w\" sizes=\"(max-width: 350px) 100vw, 350px\" \/><\/a><\/div><div class=\"gt-content\"><div class=\"gt-category\"><ul><li><a href=\"https:\/\/anossahistoria.vistaalegre.com\/es\/exposicion-categoria\/coleccionista\/?post_type=exhibition\">Coleccionista<\/a><\/li><li><a href=\"https:\/\/anossahistoria.vistaalegre.com\/es\/exposicion-categoria\/memorias-personales\/?post_type=exhibition\">Memorias Personales<\/a><\/li><\/ul><\/div><div class=\"gt-title\"><a href=\"https:\/\/anossahistoria.vistaalegre.com\/es\/exposicion\/una-coleccion-vista-alegre-que-llenan-la-casa-de-alegria-y-vida\/\">Una colecci\u00f3n Vista Alegre que llenan la casa de alegr\u00eda y vida.<\/a><\/div><\/div><\/div><\/div><div class=\"gt-grid-col\"><div class=\"gt-item\"><div class=\"gt-image\"><a href=\"https:\/\/anossahistoria.vistaalegre.com\/es\/exposicion\/una-reliquia-con-dulces-recuerdos\/\"><img loading=\"lazy\" decoding=\"async\" width=\"350\" height=\"350\" src=\"https:\/\/anossahistoria.vistaalegre.com\/wp-content\/uploads\/2024\/07\/1-4-350x350.jpg\" class=\"attachment-loquet-thumbnail-2 size-loquet-thumbnail-2 wp-post-image\" alt=\"Fernando Ramos - Colecionador Vista Alegre\" srcset=\"https:\/\/anossahistoria.vistaalegre.com\/wp-content\/uploads\/2024\/07\/1-4-350x350.jpg 350w, https:\/\/anossahistoria.vistaalegre.com\/wp-content\/uploads\/2024\/07\/1-4-300x300.jpg 300w, https:\/\/anossahistoria.vistaalegre.com\/wp-content\/uploads\/2024\/07\/1-4-1024x1024.jpg 1024w, https:\/\/anossahistoria.vistaalegre.com\/wp-content\/uploads\/2024\/07\/1-4-150x150.jpg 150w, https:\/\/anossahistoria.vistaalegre.com\/wp-content\/uploads\/2024\/07\/1-4-768x768.jpg 768w, https:\/\/anossahistoria.vistaalegre.com\/wp-content\/uploads\/2024\/07\/1-4-1536x1536.jpg 1536w, https:\/\/anossahistoria.vistaalegre.com\/wp-content\/uploads\/2024\/07\/1-4-100x100.jpg 100w, https:\/\/anossahistoria.vistaalegre.com\/wp-content\/uploads\/2024\/07\/1-4-650x650.jpg 650w, https:\/\/anossahistoria.vistaalegre.com\/wp-content\/uploads\/2024\/07\/1-4-500x500.jpg 500w, https:\/\/anossahistoria.vistaalegre.com\/wp-content\/uploads\/2024\/07\/1-4-415x415.jpg 415w, https:\/\/anossahistoria.vistaalegre.com\/wp-content\/uploads\/2024\/07\/1-4-250x250.jpg 250w, https:\/\/anossahistoria.vistaalegre.com\/wp-content\/uploads\/2024\/07\/1-4.jpg 1920w\" sizes=\"(max-width: 350px) 100vw, 350px\" \/><\/a><\/div><div class=\"gt-content\"><div class=\"gt-category\"><ul><li><a href=\"https:\/\/anossahistoria.vistaalegre.com\/es\/exposicion-categoria\/memorias-personales\/?post_type=exhibition\">Memorias Personales<\/a><\/li><\/ul><\/div><div class=\"gt-title\"><a href=\"https:\/\/anossahistoria.vistaalegre.com\/es\/exposicion\/una-reliquia-con-dulces-recuerdos\/\">Una reliquia con dulces recuerdos.<\/a><\/div><\/div><\/div><\/div><\/div><\/div>\t\t<\/div>\n\t\t\t\t<\/div>\n\t\t\t\t\t<\/div>\n\t\t<\/div>\n\t\t\t\t\t\t\t<\/div>\n\t\t<\/section>\n\t\t\t\t\t\t\t<\/div>\n\t\t","protected":false},"excerpt":{"rendered":"<p>Vista AlegreExposi\u00e7\u00e3o Digital Ver Tudo Mem\u00f3rias Pessoais O melhor presente de anivers\u00e1rio: um servi\u00e7o de mesa Vista Alegre com as minhas ilustra\u00e7\u00f5es Colecionador Privado Mem\u00f3rias&#8230;<\/p>\n","protected":false},"author":1,"featured_media":0,"parent":0,"menu_order":0,"comment_status":"closed","ping_status":"closed","template":"","meta":{"inline_featured_image":false,"footnotes":""},"class_list":["post-8320","page","type-page","status-publish","hentry"],"yoast_head":"<!-- This site is optimized with the Yoast SEO plugin v21.6 - https:\/\/yoast.com\/wordpress\/plugins\/seo\/ -->\n<title>Exposici\u00f3n Digital - A Nossa Hist\u00f3ria Vista Alegre<\/title>\n<meta name=\"robots\" content=\"index, follow, max-snippet:-1, max-image-preview:large, max-video-preview:-1\" \/>\n<link rel=\"canonical\" href=\"https:\/\/anossahistoria.vistaalegre.com\/es\/exposicion-digital\/\" \/>\n<meta property=\"og:locale\" content=\"es_ES\" \/>\n<meta property=\"og:type\" content=\"article\" \/>\n<meta property=\"og:title\" content=\"Exposici\u00f3n Digital - A Nossa Hist\u00f3ria Vista Alegre\" \/>\n<meta property=\"og:description\" content=\"Vista AlegreExposi\u00e7\u00e3o Digital Ver Tudo Mem\u00f3rias Pessoais O melhor presente de anivers\u00e1rio: um servi\u00e7o de mesa Vista Alegre com as minhas ilustra\u00e7\u00f5es Colecionador Privado Mem\u00f3rias...\" \/>\n<meta property=\"og:url\" content=\"https:\/\/anossahistoria.vistaalegre.com\/es\/exposicion-digital\/\" \/>\n<meta property=\"og:site_name\" content=\"A Nossa Hist\u00f3ria Vista Alegre\" \/>\n<meta property=\"article:publisher\" content=\"https:\/\/www.facebook.com\/vistaalegreofficial\" \/>\n<meta property=\"article:modified_time\" content=\"2024-12-16T12:34:04+00:00\" \/>\n<meta property=\"og:image\" content=\"https:\/\/anossahistoria.vistaalegre.com\/wp-content\/uploads\/2023\/10\/luiza-correa-destaque-350x350.webp\" \/>\n<meta name=\"twitter:card\" content=\"summary_large_image\" \/>\n<meta name=\"twitter:label1\" content=\"Tiempo de lectura\" \/>\n\t<meta name=\"twitter:data1\" content=\"1 minuto\" \/>\n<script type=\"application\/ld+json\" class=\"yoast-schema-graph\">{\"@context\":\"https:\/\/schema.org\",\"@graph\":[{\"@type\":\"WebPage\",\"@id\":\"https:\/\/anossahistoria.vistaalegre.com\/es\/exposicion-digital\/\",\"url\":\"https:\/\/anossahistoria.vistaalegre.com\/es\/exposicion-digital\/\",\"name\":\"Exposici\u00f3n Digital - A Nossa Hist\u00f3ria Vista Alegre\",\"isPartOf\":{\"@id\":\"https:\/\/anossahistoria.vistaalegre.com\/es\/#website\"},\"datePublished\":\"2023-06-01T08:53:54+00:00\",\"dateModified\":\"2024-12-16T12:34:04+00:00\",\"breadcrumb\":{\"@id\":\"https:\/\/anossahistoria.vistaalegre.com\/es\/exposicion-digital\/#breadcrumb\"},\"inLanguage\":\"es\",\"potentialAction\":[{\"@type\":\"ReadAction\",\"target\":[\"https:\/\/anossahistoria.vistaalegre.com\/es\/exposicion-digital\/\"]}]},{\"@type\":\"BreadcrumbList\",\"@id\":\"https:\/\/anossahistoria.vistaalegre.com\/es\/exposicion-digital\/#breadcrumb\",\"itemListElement\":[{\"@type\":\"ListItem\",\"position\":1,\"name\":\"In\u00edcio\",\"item\":\"https:\/\/anossahistoria.vistaalegre.com\/es\/\"},{\"@type\":\"ListItem\",\"position\":2,\"name\":\"Exposici\u00f3n Digital\"}]},{\"@type\":\"WebSite\",\"@id\":\"https:\/\/anossahistoria.vistaalegre.com\/es\/#website\",\"url\":\"https:\/\/anossahistoria.vistaalegre.com\/es\/\",\"name\":\"200 anos Vista Alegre\",\"description\":\"200 anos Vista Alegre\",\"publisher\":{\"@id\":\"https:\/\/anossahistoria.vistaalegre.com\/es\/#organization\"},\"alternateName\":\"Vista Alegre 200 anos\",\"potentialAction\":[{\"@type\":\"SearchAction\",\"target\":{\"@type\":\"EntryPoint\",\"urlTemplate\":\"https:\/\/anossahistoria.vistaalegre.com\/es\/?s={search_term_string}\"},\"query-input\":\"required name=search_term_string\"}],\"inLanguage\":\"es\"},{\"@type\":\"Organization\",\"@id\":\"https:\/\/anossahistoria.vistaalegre.com\/es\/#organization\",\"name\":\"Vista Alegre\",\"url\":\"https:\/\/anossahistoria.vistaalegre.com\/es\/\",\"logo\":{\"@type\":\"ImageObject\",\"inLanguage\":\"es\",\"@id\":\"https:\/\/anossahistoria.vistaalegre.com\/es\/#\/schema\/logo\/image\/\",\"url\":\"https:\/\/anossahistoria.vistaalegre.com\/wp-content\/uploads\/2023\/05\/VA-logo.svg\",\"contentUrl\":\"https:\/\/anossahistoria.vistaalegre.com\/wp-content\/uploads\/2023\/05\/VA-logo.svg\",\"width\":659,\"height\":261,\"caption\":\"Vista Alegre\"},\"image\":{\"@id\":\"https:\/\/anossahistoria.vistaalegre.com\/es\/#\/schema\/logo\/image\/\"},\"sameAs\":[\"https:\/\/www.facebook.com\/vistaalegreofficial\",\"https:\/\/www.instagram.com\/vistaalegreofficial\/\",\"https:\/\/pinterest.com\/vistaalegre\/\",\"https:\/\/www.linkedin.com\/company\/vista-alegre-atlantis\/\"]}]}<\/script>\n<!-- \/ Yoast SEO plugin. -->","yoast_head_json":{"title":"Exposici\u00f3n Digital - A Nossa Hist\u00f3ria Vista Alegre","robots":{"index":"index","follow":"follow","max-snippet":"max-snippet:-1","max-image-preview":"max-image-preview:large","max-video-preview":"max-video-preview:-1"},"canonical":"https:\/\/anossahistoria.vistaalegre.com\/es\/exposicion-digital\/","og_locale":"es_ES","og_type":"article","og_title":"Exposici\u00f3n Digital - A Nossa Hist\u00f3ria Vista Alegre","og_description":"Vista AlegreExposi\u00e7\u00e3o Digital Ver Tudo Mem\u00f3rias Pessoais O melhor presente de anivers\u00e1rio: um servi\u00e7o de mesa Vista Alegre com as minhas ilustra\u00e7\u00f5es Colecionador Privado Mem\u00f3rias...","og_url":"https:\/\/anossahistoria.vistaalegre.com\/es\/exposicion-digital\/","og_site_name":"A Nossa Hist\u00f3ria Vista Alegre","article_publisher":"https:\/\/www.facebook.com\/vistaalegreofficial","article_modified_time":"2024-12-16T12:34:04+00:00","og_image":[{"url":"https:\/\/anossahistoria.vistaalegre.com\/wp-content\/uploads\/2023\/10\/luiza-correa-destaque-350x350.webp"}],"twitter_card":"summary_large_image","twitter_misc":{"Tiempo de lectura":"1 minuto"},"schema":{"@context":"https:\/\/schema.org","@graph":[{"@type":"WebPage","@id":"https:\/\/anossahistoria.vistaalegre.com\/es\/exposicion-digital\/","url":"https:\/\/anossahistoria.vistaalegre.com\/es\/exposicion-digital\/","name":"Exposici\u00f3n Digital - A Nossa Hist\u00f3ria Vista Alegre","isPartOf":{"@id":"https:\/\/anossahistoria.vistaalegre.com\/es\/#website"},"datePublished":"2023-06-01T08:53:54+00:00","dateModified":"2024-12-16T12:34:04+00:00","breadcrumb":{"@id":"https:\/\/anossahistoria.vistaalegre.com\/es\/exposicion-digital\/#breadcrumb"},"inLanguage":"es","potentialAction":[{"@type":"ReadAction","target":["https:\/\/anossahistoria.vistaalegre.com\/es\/exposicion-digital\/"]}]},{"@type":"BreadcrumbList","@id":"https:\/\/anossahistoria.vistaalegre.com\/es\/exposicion-digital\/#breadcrumb","itemListElement":[{"@type":"ListItem","position":1,"name":"In\u00edcio","item":"https:\/\/anossahistoria.vistaalegre.com\/es\/"},{"@type":"ListItem","position":2,"name":"Exposici\u00f3n Digital"}]},{"@type":"WebSite","@id":"https:\/\/anossahistoria.vistaalegre.com\/es\/#website","url":"https:\/\/anossahistoria.vistaalegre.com\/es\/","name":"200 anos Vista Alegre","description":"200 anos Vista Alegre","publisher":{"@id":"https:\/\/anossahistoria.vistaalegre.com\/es\/#organization"},"alternateName":"Vista Alegre 200 anos","potentialAction":[{"@type":"SearchAction","target":{"@type":"EntryPoint","urlTemplate":"https:\/\/anossahistoria.vistaalegre.com\/es\/?s={search_term_string}"},"query-input":"required name=search_term_string"}],"inLanguage":"es"},{"@type":"Organization","@id":"https:\/\/anossahistoria.vistaalegre.com\/es\/#organization","name":"Vista Alegre","url":"https:\/\/anossahistoria.vistaalegre.com\/es\/","logo":{"@type":"ImageObject","inLanguage":"es","@id":"https:\/\/anossahistoria.vistaalegre.com\/es\/#\/schema\/logo\/image\/","url":"https:\/\/anossahistoria.vistaalegre.com\/wp-content\/uploads\/2023\/05\/VA-logo.svg","contentUrl":"https:\/\/anossahistoria.vistaalegre.com\/wp-content\/uploads\/2023\/05\/VA-logo.svg","width":659,"height":261,"caption":"Vista Alegre"},"image":{"@id":"https:\/\/anossahistoria.vistaalegre.com\/es\/#\/schema\/logo\/image\/"},"sameAs":["https:\/\/www.facebook.com\/vistaalegreofficial","https:\/\/www.instagram.com\/vistaalegreofficial\/","https:\/\/pinterest.com\/vistaalegre\/","https:\/\/www.linkedin.com\/company\/vista-alegre-atlantis\/"]}]}},"_links":{"self":[{"href":"https:\/\/anossahistoria.vistaalegre.com\/es\/wp-json\/wp\/v2\/pages\/8320","targetHints":{"allow":["GET"]}}],"collection":[{"href":"https:\/\/anossahistoria.vistaalegre.com\/es\/wp-json\/wp\/v2\/pages"}],"about":[{"href":"https:\/\/anossahistoria.vistaalegre.com\/es\/wp-json\/wp\/v2\/types\/page"}],"author":[{"embeddable":true,"href":"https:\/\/anossahistoria.vistaalegre.com\/es\/wp-json\/wp\/v2\/users\/1"}],"replies":[{"embeddable":true,"href":"https:\/\/anossahistoria.vistaalegre.com\/es\/wp-json\/wp\/v2\/comments?post=8320"}],"version-history":[{"count":3,"href":"https:\/\/anossahistoria.vistaalegre.com\/es\/wp-json\/wp\/v2\/pages\/8320\/revisions"}],"predecessor-version":[{"id":25852,"href":"https:\/\/anossahistoria.vistaalegre.com\/es\/wp-json\/wp\/v2\/pages\/8320\/revisions\/25852"}],"wp:attachment":[{"href":"https:\/\/anossahistoria.vistaalegre.com\/es\/wp-json\/wp\/v2\/media?parent=8320"}],"curies":[{"name":"wp","href":"https:\/\/api.w.org\/{rel}","templated":true}]}}